{"id":189,"date":"2020-04-23T10:53:03","date_gmt":"2020-04-23T08:53:03","guid":{"rendered":"http:\/\/hemetli-herisau.ch.vasco.sui-inter.net\/?page_id=189"},"modified":"2025-10-21T14:39:00","modified_gmt":"2025-10-21T12:39:00","slug":"mitglied-werden","status":"publish","type":"page","link":"https:\/\/www.hemetli-herisau.ch\/de\/mitglied-werden\/","title":{"rendered":"Mitglied werden"},"content":{"rendered":"<div class=\"wpb-content-wrapper\"><div class=\"vc_row wpb_row vc_row-fluid\" ><div class=\"wpb_column vc_column_container vc_col-sm-12\"><div class=\"vc_column-inner\"><div class=\"wpb_wrapper\"><div class=\"vc_row wpb_row vc_inner vc_row-fluid\" ><div class=\"wpb_column vc_column_container vc_col-sm-12\"><div class=\"vc_column-inner\"><div class=\"wpb_wrapper\">\n\t<div class=\"wpb_text_column wpb_content_element\" >\n\t\t<div class=\"wpb_wrapper\">\n\t\t\t<h2><\/h2>\n<h2>Der Genossenschaft beitreten<\/h2>\n\n\t\t<\/div>\n\t<\/div>\n<div class=\"vc_empty_space\"   style=\"height: 20px\"><span class=\"vc_empty_space_inner\"><\/span><\/div><\/div><\/div><\/div><\/div><div class=\"vc_row wpb_row vc_inner vc_row-fluid\" ><div class=\"wpb_column vc_column_container vc_col-sm-8\"><div class=\"vc_column-inner\"><div class=\"wpb_wrapper\">\n\t<div class=\"wpb_text_column wpb_content_element\" >\n\t\t<div class=\"wpb_wrapper\">\n\t\t\t<p>Mitglied unserer Wohnbaugenossenschaft k\u00f6nnen nat\u00fcrliche und juristische Personen sowie rechtliche K\u00f6rperschaften werden. Das zu erwerbende Mindestkapital betr\u00e4gt CHF 2&#8217;000.00. Das Genossenschaftskapital wird derzeit und bis auf weiteres mit 1.75% verzinst.<\/p>\n<p>&nbsp;<\/p>\n<p>Nach Eingang der schriftlichen Beitrittserkl\u00e4rung und der Einzahlung des Genossenschaftskapitals erhalten Sie von uns die Best\u00e4tigung der Mitgliedschaft. Die Miete einer Wohnung oder die Aufnahme auf unsere Warteliste setzt diese Mitgliedschaft voraus.<\/p>\n<p>&nbsp;<\/p>\n<p>Detaillierte Angaben finden Sie in unseren Statuten oder gerne geben wir Ihnen pers\u00f6nlich Auskunft.<\/p>\n\n\t\t<\/div>\n\t<\/div>\n<\/div><\/div><\/div><div class=\"wpb_column vc_column_container vc_col-sm-4\"><div class=\"vc_column-inner\"><div class=\"wpb_wrapper\">\n\t<div class=\"wpb_text_column wpb_content_element\" >\n\t\t<div class=\"wpb_wrapper\">\n\t\t\t<p><a href=\"https:\/\/www.hemetli-herisau.ch\/wp-content\/uploads\/2025\/10\/beitrittserklaerung-pdf-zum-ausfuellen-2022.pdf\" target=\"_blank\" rel=\"noopener noreferrer\">Beitrittserkl\u00e4rung Mitgliedschaft<\/a><\/p>\n<p><a href=\"\/wp-content\/uploads\/2021\/01\/statuten-2018-schl.pdf\" target=\"_blank\" rel=\"noopener noreferrer\">Statuten Wohnbaugenossenschaft<\/a><\/p>\n\n\t\t<\/div>\n\t<\/div>\n<\/div><\/div><\/div><\/div><\/div><\/div><\/div><\/div><div class=\"vc_row wpb_row vc_row-fluid\" ><div class=\"wpb_column vc_column_container vc_col-sm-12\"><div class=\"vc_column-inner\"><div class=\"wpb_wrapper\"><div class=\"vc_empty_space\"   style=\"height: 90px\"><span class=\"vc_empty_space_inner\"><\/span><\/div><\/div><\/div><\/div><\/div><div class=\"vc_row wpb_row vc_row-fluid\" ><div class=\"wpb_column vc_column_container vc_col-sm-12\"><div class=\"vc_column-inner\"><div class=\"wpb_wrapper\"><div class=\"vc_row wpb_row vc_inner vc_row-fluid\" ><div class=\"wpb_column vc_column_container vc_col-sm-12\"><div class=\"vc_column-inner\"><div class=\"wpb_wrapper\">\n\t<div class=\"wpb_text_column wpb_content_element\" >\n\t\t<div class=\"wpb_wrapper\">\n\t\t\t<h2>Darlehenskasse<\/h2>\n\n\t\t<\/div>\n\t<\/div>\n<\/div><\/div><\/div><\/div><div class=\"vc_empty_space\"   style=\"height: 20px\"><span class=\"vc_empty_space_inner\"><\/span><\/div><div class=\"vc_row wpb_row vc_inner vc_row-fluid\" ><div class=\"wpb_column vc_column_container vc_col-sm-8\"><div class=\"vc_column-inner\"><div class=\"wpb_wrapper\">\n\t<div class=\"wpb_text_column wpb_content_element\" >\n\t\t<div class=\"wpb_wrapper\">\n\t\t\t<p>Gest\u00fctzt auf Art. 11 der Statuten f\u00fchrt die Wohnbaugenossenschaft Hemetli eine Darlehenskasse. Mit der Darlehenskasse soll:<\/p>\n<ul>\n<li>eine m\u00f6glichst hohe Eigenfinanzierung der Hemetli Liegenschaften durch deren Mitglieder erreicht werden<\/li>\n<li>den Mitgliedern Gelegenheit zu sicherer und zinstragender Anlage von Geldbetr\u00e4gen geboten werden<\/li>\n<li>f\u00fcr die Genossenschaft und KontoinhaberInnen ein Zinsvorteil angestrebt werden<\/li>\n<li>Einzahlungen in die Darlehenskasse sind nur m\u00f6glich f\u00fcr GenossenschafterInnen<\/li>\n<\/ul>\n<p>Der Zinssatz f\u00fcr variable Darlehen betr\u00e4gt ab dem 1. Januar 2023 1.25 % im Jahr, g\u00fcltig bis auf weiteres.<\/p>\n\n\t\t<\/div>\n\t<\/div>\n<\/div><\/div><\/div><div class=\"wpb_column vc_column_container vc_col-sm-4\"><div class=\"vc_column-inner\"><div class=\"wpb_wrapper\">\n\t<div class=\"wpb_text_column wpb_content_element\" >\n\t\t<div class=\"wpb_wrapper\">\n\t\t\t<p><a href=\"http:\/\/hemetli-herisau.ch\/wp-content\/uploads\/2020\/11\/Reglement-Okt-2018-BUE-geshuetzt.pdf\" target=\"_blank\" rel=\"noopener noreferrer\">Darlehensreglement<\/a><\/p>\n\n\t\t<\/div>\n\t<\/div>\n<\/div><\/div><\/div><\/div><\/div><\/div><\/div><\/div><div class=\"vc_row wpb_row vc_row-fluid\" ><div class=\"wpb_column vc_column_container vc_col-sm-12\"><div class=\"vc_column-inner\"><div class=\"wpb_wrapper\"><div class=\"vc_empty_space\"   style=\"height: 90px\"><span class=\"vc_empty_space_inner\"><\/span><\/div><\/div><\/div><\/div><\/div><div class=\"vc_row wpb_row vc_row-fluid\" ><div class=\"wpb_column vc_column_container vc_col-sm-12\"><div class=\"vc_column-inner\"><div class=\"wpb_wrapper\"><div class=\"vc_row wpb_row vc_inner vc_row-fluid\" ><div class=\"wpb_column vc_column_container vc_col-sm-12\"><div class=\"vc_column-inner\"><div class=\"wpb_wrapper\">\n\t<div class=\"wpb_text_column wpb_content_element\" >\n\t\t<div class=\"wpb_wrapper\">\n\t\t\t<h2>Verzinsung Anteilscheinkapital<\/h2>\n\n\t\t<\/div>\n\t<\/div>\n<\/div><\/div><\/div><\/div><div class=\"vc_empty_space\"   style=\"height: 20px\"><span class=\"vc_empty_space_inner\"><\/span><\/div><div class=\"vc_row wpb_row vc_inner vc_row-fluid\" ><div class=\"wpb_column vc_column_container vc_col-sm-8\"><div class=\"vc_column-inner\"><div class=\"wpb_wrapper\">\n\t<div class=\"wpb_text_column wpb_content_element\" >\n\t\t<div class=\"wpb_wrapper\">\n\t\t\t<p>Die Verzinsung des Anteilscheinkapitals erfolgt jeweils nach der Generalversammlung, an welcher durch die GenossenschafterInnen und Genossenschaft die Jahresrechnung abgenommen wird. Gem\u00e4ss Statuten entscheidet die Generalversammlung auf Antrag der Verwaltung \u00fcber den Zinssatz.<\/p>\n<p>&nbsp;<\/p>\n<p>Die Auszahlung der Zinsen erfolgt demzufolge f\u00fcr das betreffende Gesch\u00e4ftsjahr in der Regel im April des Folgejahres. Die Besteuerung der Zinsen hat in dem Jahre zu erfolgen, in welchem diese f\u00e4llig werden.<\/p>\n\n\t\t<\/div>\n\t<\/div>\n<\/div><\/div><\/div><div class=\"wpb_column vc_column_container vc_col-sm-4\"><div class=\"vc_column-inner\"><div class=\"wpb_wrapper\"><\/div><\/div><\/div><\/div><\/div><\/div><\/div><\/div>\n<\/div>","protected":false},"excerpt":{"rendered":"Der Genossenschaft beitreten Mitglied unserer Wohnbaugenossenschaft k\u00f6nnen nat\u00fcrliche und juristische Personen sowie rechtliche K\u00f6rperschaften werden. Das zu erwerbende Mindestkapital betr\u00e4gt CHF 2'000.00. Das Genossenschaftskapital wird derzeit und bis auf weiteres mit 1.75% verzinst. &nbsp; Nach Eingang der schriftlichen Beitrittserkl\u00e4rung und [...]","protected":false},"author":1,"featured_media":0,"parent":0,"menu_order":0,"comment_status":"closed","ping_status":"closed","template":"","meta":{"inline_featured_image":false,"footnotes":""},"class_list":["post-189","page","type-page","status-publish","hentry"],"yoast_head":"<!-- This site is optimized with the Yoast SEO plugin v27.3 - https:\/\/yoast.com\/product\/yoast-seo-wordpress\/ -->\n<title>Mitglied werden - Wohnbaugenossenschaft Hemetli Herisau<\/title>\n<meta name=\"robots\" content=\"index, follow, max-snippet:-1, max-image-preview:large, max-video-preview:-1\" \/>\n<link rel=\"canonical\" href=\"https:\/\/www.hemetli-herisau.ch\/de\/mitglied-werden\/\" \/>\n<meta property=\"og:locale\" content=\"de_DE\" \/>\n<meta property=\"og:type\" content=\"article\" \/>\n<meta property=\"og:title\" content=\"Mitglied werden - Wohnbaugenossenschaft Hemetli Herisau\" \/>\n<meta property=\"og:url\" content=\"https:\/\/www.hemetli-herisau.ch\/de\/mitglied-werden\/\" \/>\n<meta property=\"og:site_name\" content=\"Wohnbaugenossenschaft Hemetli Herisau\" \/>\n<meta property=\"article:modified_time\" content=\"2025-10-21T12:39:00+00:00\" \/>\n<meta name=\"twitter:card\" content=\"summary_large_image\" \/>\n<meta name=\"twitter:label1\" content=\"Gesch\u00e4tzte Lesezeit\" \/>\n\t<meta name=\"twitter:data1\" content=\"2\u00a0Minuten\" \/>\n<script type=\"application\/ld+json\" class=\"yoast-schema-graph\">{\"@context\":\"https:\\\/\\\/schema.org\",\"@graph\":[{\"@type\":\"WebPage\",\"@id\":\"https:\\\/\\\/www.hemetli-herisau.ch\\\/mitglied-werden\\\/\",\"url\":\"https:\\\/\\\/www.hemetli-herisau.ch\\\/mitglied-werden\\\/\",\"name\":\"Mitglied werden - Wohnbaugenossenschaft Hemetli Herisau\",\"isPartOf\":{\"@id\":\"https:\\\/\\\/www.hemetli-herisau.ch\\\/de\\\/#website\"},\"datePublished\":\"2020-04-23T08:53:03+00:00\",\"dateModified\":\"2025-10-21T12:39:00+00:00\",\"breadcrumb\":{\"@id\":\"https:\\\/\\\/www.hemetli-herisau.ch\\\/mitglied-werden\\\/#breadcrumb\"},\"inLanguage\":\"de\",\"potentialAction\":[{\"@type\":\"ReadAction\",\"target\":[\"https:\\\/\\\/www.hemetli-herisau.ch\\\/mitglied-werden\\\/\"]}]},{\"@type\":\"BreadcrumbList\",\"@id\":\"https:\\\/\\\/www.hemetli-herisau.ch\\\/mitglied-werden\\\/#breadcrumb\",\"itemListElement\":[{\"@type\":\"ListItem\",\"position\":1,\"name\":\"Startseite\",\"item\":\"https:\\\/\\\/www.hemetli-herisau.ch\\\/\"},{\"@type\":\"ListItem\",\"position\":2,\"name\":\"Mitglied werden\"}]},{\"@type\":\"WebSite\",\"@id\":\"https:\\\/\\\/www.hemetli-herisau.ch\\\/de\\\/#website\",\"url\":\"https:\\\/\\\/www.hemetli-herisau.ch\\\/de\\\/\",\"name\":\"Wohnbaugenossenschaft Hemetli Herisau\",\"description\":\"\",\"potentialAction\":[{\"@type\":\"SearchAction\",\"target\":{\"@type\":\"EntryPoint\",\"urlTemplate\":\"https:\\\/\\\/www.hemetli-herisau.ch\\\/de\\\/?s={search_term_string}\"},\"query-input\":{\"@type\":\"PropertyValueSpecification\",\"valueRequired\":true,\"valueName\":\"search_term_string\"}}],\"inLanguage\":\"de\"}]}<\/script>\n<!-- \/ Yoast SEO plugin. -->","yoast_head_json":{"title":"Mitglied werden - Wohnbaugenossenschaft Hemetli Herisau","robots":{"index":"index","follow":"follow","max-snippet":"max-snippet:-1","max-image-preview":"max-image-preview:large","max-video-preview":"max-video-preview:-1"},"canonical":"https:\/\/www.hemetli-herisau.ch\/de\/mitglied-werden\/","og_locale":"de_DE","og_type":"article","og_title":"Mitglied werden - Wohnbaugenossenschaft Hemetli Herisau","og_url":"https:\/\/www.hemetli-herisau.ch\/de\/mitglied-werden\/","og_site_name":"Wohnbaugenossenschaft Hemetli Herisau","article_modified_time":"2025-10-21T12:39:00+00:00","twitter_card":"summary_large_image","twitter_misc":{"Gesch\u00e4tzte Lesezeit":"2\u00a0Minuten"},"schema":{"@context":"https:\/\/schema.org","@graph":[{"@type":"WebPage","@id":"https:\/\/www.hemetli-herisau.ch\/mitglied-werden\/","url":"https:\/\/www.hemetli-herisau.ch\/mitglied-werden\/","name":"Mitglied werden - Wohnbaugenossenschaft Hemetli Herisau","isPartOf":{"@id":"https:\/\/www.hemetli-herisau.ch\/de\/#website"},"datePublished":"2020-04-23T08:53:03+00:00","dateModified":"2025-10-21T12:39:00+00:00","breadcrumb":{"@id":"https:\/\/www.hemetli-herisau.ch\/mitglied-werden\/#breadcrumb"},"inLanguage":"de","potentialAction":[{"@type":"ReadAction","target":["https:\/\/www.hemetli-herisau.ch\/mitglied-werden\/"]}]},{"@type":"BreadcrumbList","@id":"https:\/\/www.hemetli-herisau.ch\/mitglied-werden\/#breadcrumb","itemListElement":[{"@type":"ListItem","position":1,"name":"Startseite","item":"https:\/\/www.hemetli-herisau.ch\/"},{"@type":"ListItem","position":2,"name":"Mitglied werden"}]},{"@type":"WebSite","@id":"https:\/\/www.hemetli-herisau.ch\/de\/#website","url":"https:\/\/www.hemetli-herisau.ch\/de\/","name":"Wohnbaugenossenschaft Hemetli Herisau","description":"","potentialAction":[{"@type":"SearchAction","target":{"@type":"EntryPoint","urlTemplate":"https:\/\/www.hemetli-herisau.ch\/de\/?s={search_term_string}"},"query-input":{"@type":"PropertyValueSpecification","valueRequired":true,"valueName":"search_term_string"}}],"inLanguage":"de"}]}},"_links":{"self":[{"href":"https:\/\/www.hemetli-herisau.ch\/de\/wp-json\/wp\/v2\/pages\/189","targetHints":{"allow":["GET"]}}],"collection":[{"href":"https:\/\/www.hemetli-herisau.ch\/de\/wp-json\/wp\/v2\/pages"}],"about":[{"href":"https:\/\/www.hemetli-herisau.ch\/de\/wp-json\/wp\/v2\/types\/page"}],"author":[{"embeddable":true,"href":"https:\/\/www.hemetli-herisau.ch\/de\/wp-json\/wp\/v2\/users\/1"}],"replies":[{"embeddable":true,"href":"https:\/\/www.hemetli-herisau.ch\/de\/wp-json\/wp\/v2\/comments?post=189"}],"version-history":[{"count":30,"href":"https:\/\/www.hemetli-herisau.ch\/de\/wp-json\/wp\/v2\/pages\/189\/revisions"}],"predecessor-version":[{"id":802,"href":"https:\/\/www.hemetli-herisau.ch\/de\/wp-json\/wp\/v2\/pages\/189\/revisions\/802"}],"wp:attachment":[{"href":"https:\/\/www.hemetli-herisau.ch\/de\/wp-json\/wp\/v2\/media?parent=189"}],"curies":[{"name":"wp","href":"https:\/\/api.w.org\/{rel}","templated":true}]}}