{"id":210,"date":"2020-05-19T18:01:10","date_gmt":"2020-05-19T16:01:10","guid":{"rendered":"http:\/\/hemetli-herisau.ch.vasco.sui-inter.net\/?page_id=210"},"modified":"2025-10-30T12:07:23","modified_gmt":"2025-10-30T11:07:23","slug":"unsere-warteliste","status":"publish","type":"page","link":"https:\/\/www.hemetli-herisau.ch\/de\/unsere-warteliste\/","title":{"rendered":"Unsere Warteliste"},"content":{"rendered":"<div class=\"wpb-content-wrapper\"><div class=\"vc_row wpb_row vc_row-fluid\" ><div class=\"wpb_column vc_column_container vc_col-sm-12\"><div class=\"vc_column-inner\"><div class=\"wpb_wrapper\">\n\t<div class=\"wpb_text_column wpb_content_element\" >\n\t\t<div class=\"wpb_wrapper\">\n\t\t\t<p><strong>M\u00f6chten Sie in einem sp\u00e4teren Zeitpunkt in eine Hemetli-Wohnung umziehen? <\/strong><b><\/b><\/p>\n<p>Sie k\u00f6nnen sich bereits heute auf unserer Warteliste vormerken lassen. Bei der Zuweisung von Wohnungen ber\u00fccksichtigen wir nebst der Dauer der Mitgliedschaft bei unserer Genossenschaft auch das Datum einer Anmeldung zur Aufnahme in unsere Warteliste. Eine Vormerkung auf der Warteliste sowie der Bestand der Mitgliedschaft ergeben keinen Anspruch auf die Miete einer Wohnung zu einem bestimmten Zeitpunkt.<\/p>\n<p>&nbsp;<\/p>\n<p>Gem\u00e4ss Statuten vermieten wir Wohnungen ausschliesslich an GenossenschafterInnen. Falls Sie noch nicht Mitglied sind, empfehlen wir Ihnen den Beitritt.<\/p>\n<p>&nbsp;<\/p>\n<p>Formulare zur Vormerkung auf der Warteliste, die Beitrittserkl\u00e4rung zur Genossenschaft sowie die Statuten finden Sie nachstehend. Sie k\u00f6nnen Anmeldeformular und Beitrittserkl\u00e4rung auch an Ihrem PC ausf\u00fcllen, ausdrucken und einsenden.<\/p>\n<p>&nbsp;<\/p>\n<p><a title=\"\" href=\"https:\/\/www.hemetli-herisau.ch\/wp-content\/uploads\/2025\/10\/beitrittserklaerung-pdf-zum-ausfuellen-2022.pdf\" target=\"_blank\" rel=\"noopener noreferrer\">Beitrittserkl\u00e4rung f\u00fcr Mitgliedschaft beim Hemetli<\/a><\/p>\n<p><a title=\"die neuen Statuten vom 23. M\u00e4rz 2018\" href=\"\/wp-content\/uploads\/2021\/01\/statuten-2018-schl.pdf\" target=\"_blank\" rel=\"noopener noreferrer\">Statuten Hemetli<\/a><\/p>\n<p><a title=\"\" href=\"https:\/\/www.hemetli-herisau.ch\/wp-content\/uploads\/2024\/07\/Anmeldeformular_Aufnahme_Warteliste-2023.pdf\" target=\"_blank\" rel=\"noopener noreferrer\">Anmeldeformular f\u00fcr Warteliste<\/a><\/p>\n<p>&nbsp;<\/p>\n<p><b>Interessenten f\u00fcr eine Mietwohnung, f\u00fcr eine Garage oder einen Autoabstellplatz<br \/>\nmelden sich bitte der Gesch\u00e4ftsstelle an der Gossauerstrasse 47, 9100 Herisau<\/b><\/p>\n<p>&nbsp;<\/p>\n<p>Tel. 071 351 65 68, oder per e-mail <a href=\"mailto:info@hemetli-herisau.ch\">info@hemetli-herisau.ch<\/a><\/p>\n\n\t\t<\/div>\n\t<\/div>\n<\/div><\/div><\/div><\/div>\n<\/div>","protected":false},"excerpt":{"rendered":"M\u00f6chten Sie in einem sp\u00e4teren Zeitpunkt in eine Hemetli-Wohnung umziehen? Sie k\u00f6nnen sich bereits heute auf unserer Warteliste vormerken lassen. Bei der Zuweisung von Wohnungen ber\u00fccksichtigen wir nebst der Dauer der Mitgliedschaft bei unserer Genossenschaft auch das Datum einer Anmeldung [...]","protected":false},"author":1,"featured_media":0,"parent":0,"menu_order":0,"comment_status":"closed","ping_status":"closed","template":"","meta":{"inline_featured_image":false,"footnotes":""},"class_list":["post-210","page","type-page","status-publish","hentry"],"yoast_head":"<!-- This site is optimized with the Yoast SEO plugin v27.3 - https:\/\/yoast.com\/product\/yoast-seo-wordpress\/ -->\n<title>Unsere Warteliste - Wohnbaugenossenschaft Hemetli Herisau<\/title>\n<meta name=\"robots\" content=\"index, follow, max-snippet:-1, max-image-preview:large, max-video-preview:-1\" \/>\n<link rel=\"canonical\" href=\"https:\/\/www.hemetli-herisau.ch\/de\/unsere-warteliste\/\" \/>\n<meta property=\"og:locale\" content=\"de_DE\" \/>\n<meta property=\"og:type\" content=\"article\" \/>\n<meta property=\"og:title\" content=\"Unsere Warteliste - Wohnbaugenossenschaft Hemetli Herisau\" \/>\n<meta property=\"og:url\" content=\"https:\/\/www.hemetli-herisau.ch\/de\/unsere-warteliste\/\" \/>\n<meta property=\"og:site_name\" content=\"Wohnbaugenossenschaft Hemetli Herisau\" \/>\n<meta property=\"article:modified_time\" content=\"2025-10-30T11:07:23+00:00\" \/>\n<meta name=\"twitter:card\" content=\"summary_large_image\" \/>\n<meta name=\"twitter:label1\" content=\"Gesch\u00e4tzte Lesezeit\" \/>\n\t<meta name=\"twitter:data1\" content=\"1\u00a0Minute\" \/>\n<script type=\"application\/ld+json\" class=\"yoast-schema-graph\">{\"@context\":\"https:\\\/\\\/schema.org\",\"@graph\":[{\"@type\":\"WebPage\",\"@id\":\"https:\\\/\\\/www.hemetli-herisau.ch\\\/unsere-warteliste\\\/\",\"url\":\"https:\\\/\\\/www.hemetli-herisau.ch\\\/unsere-warteliste\\\/\",\"name\":\"Unsere Warteliste - Wohnbaugenossenschaft Hemetli Herisau\",\"isPartOf\":{\"@id\":\"https:\\\/\\\/www.hemetli-herisau.ch\\\/de\\\/#website\"},\"datePublished\":\"2020-05-19T16:01:10+00:00\",\"dateModified\":\"2025-10-30T11:07:23+00:00\",\"breadcrumb\":{\"@id\":\"https:\\\/\\\/www.hemetli-herisau.ch\\\/unsere-warteliste\\\/#breadcrumb\"},\"inLanguage\":\"de\",\"potentialAction\":[{\"@type\":\"ReadAction\",\"target\":[\"https:\\\/\\\/www.hemetli-herisau.ch\\\/unsere-warteliste\\\/\"]}]},{\"@type\":\"BreadcrumbList\",\"@id\":\"https:\\\/\\\/www.hemetli-herisau.ch\\\/unsere-warteliste\\\/#breadcrumb\",\"itemListElement\":[{\"@type\":\"ListItem\",\"position\":1,\"name\":\"Startseite\",\"item\":\"https:\\\/\\\/www.hemetli-herisau.ch\\\/\"},{\"@type\":\"ListItem\",\"position\":2,\"name\":\"Unsere Warteliste\"}]},{\"@type\":\"WebSite\",\"@id\":\"https:\\\/\\\/www.hemetli-herisau.ch\\\/de\\\/#website\",\"url\":\"https:\\\/\\\/www.hemetli-herisau.ch\\\/de\\\/\",\"name\":\"Wohnbaugenossenschaft Hemetli Herisau\",\"description\":\"\",\"potentialAction\":[{\"@type\":\"SearchAction\",\"target\":{\"@type\":\"EntryPoint\",\"urlTemplate\":\"https:\\\/\\\/www.hemetli-herisau.ch\\\/de\\\/?s={search_term_string}\"},\"query-input\":{\"@type\":\"PropertyValueSpecification\",\"valueRequired\":true,\"valueName\":\"search_term_string\"}}],\"inLanguage\":\"de\"}]}<\/script>\n<!-- \/ Yoast SEO plugin. -->","yoast_head_json":{"title":"Unsere Warteliste - Wohnbaugenossenschaft Hemetli Herisau","robots":{"index":"index","follow":"follow","max-snippet":"max-snippet:-1","max-image-preview":"max-image-preview:large","max-video-preview":"max-video-preview:-1"},"canonical":"https:\/\/www.hemetli-herisau.ch\/de\/unsere-warteliste\/","og_locale":"de_DE","og_type":"article","og_title":"Unsere Warteliste - Wohnbaugenossenschaft Hemetli Herisau","og_url":"https:\/\/www.hemetli-herisau.ch\/de\/unsere-warteliste\/","og_site_name":"Wohnbaugenossenschaft Hemetli Herisau","article_modified_time":"2025-10-30T11:07:23+00:00","twitter_card":"summary_large_image","twitter_misc":{"Gesch\u00e4tzte Lesezeit":"1\u00a0Minute"},"schema":{"@context":"https:\/\/schema.org","@graph":[{"@type":"WebPage","@id":"https:\/\/www.hemetli-herisau.ch\/unsere-warteliste\/","url":"https:\/\/www.hemetli-herisau.ch\/unsere-warteliste\/","name":"Unsere Warteliste - Wohnbaugenossenschaft Hemetli Herisau","isPartOf":{"@id":"https:\/\/www.hemetli-herisau.ch\/de\/#website"},"datePublished":"2020-05-19T16:01:10+00:00","dateModified":"2025-10-30T11:07:23+00:00","breadcrumb":{"@id":"https:\/\/www.hemetli-herisau.ch\/unsere-warteliste\/#breadcrumb"},"inLanguage":"de","potentialAction":[{"@type":"ReadAction","target":["https:\/\/www.hemetli-herisau.ch\/unsere-warteliste\/"]}]},{"@type":"BreadcrumbList","@id":"https:\/\/www.hemetli-herisau.ch\/unsere-warteliste\/#breadcrumb","itemListElement":[{"@type":"ListItem","position":1,"name":"Startseite","item":"https:\/\/www.hemetli-herisau.ch\/"},{"@type":"ListItem","position":2,"name":"Unsere Warteliste"}]},{"@type":"WebSite","@id":"https:\/\/www.hemetli-herisau.ch\/de\/#website","url":"https:\/\/www.hemetli-herisau.ch\/de\/","name":"Wohnbaugenossenschaft Hemetli Herisau","description":"","potentialAction":[{"@type":"SearchAction","target":{"@type":"EntryPoint","urlTemplate":"https:\/\/www.hemetli-herisau.ch\/de\/?s={search_term_string}"},"query-input":{"@type":"PropertyValueSpecification","valueRequired":true,"valueName":"search_term_string"}}],"inLanguage":"de"}]}},"_links":{"self":[{"href":"https:\/\/www.hemetli-herisau.ch\/de\/wp-json\/wp\/v2\/pages\/210","targetHints":{"allow":["GET"]}}],"collection":[{"href":"https:\/\/www.hemetli-herisau.ch\/de\/wp-json\/wp\/v2\/pages"}],"about":[{"href":"https:\/\/www.hemetli-herisau.ch\/de\/wp-json\/wp\/v2\/types\/page"}],"author":[{"embeddable":true,"href":"https:\/\/www.hemetli-herisau.ch\/de\/wp-json\/wp\/v2\/users\/1"}],"replies":[{"embeddable":true,"href":"https:\/\/www.hemetli-herisau.ch\/de\/wp-json\/wp\/v2\/comments?post=210"}],"version-history":[{"count":18,"href":"https:\/\/www.hemetli-herisau.ch\/de\/wp-json\/wp\/v2\/pages\/210\/revisions"}],"predecessor-version":[{"id":807,"href":"https:\/\/www.hemetli-herisau.ch\/de\/wp-json\/wp\/v2\/pages\/210\/revisions\/807"}],"wp:attachment":[{"href":"https:\/\/www.hemetli-herisau.ch\/de\/wp-json\/wp\/v2\/media?parent=210"}],"curies":[{"name":"wp","href":"https:\/\/api.w.org\/{rel}","templated":true}]}}