{"id":216,"date":"2020-05-19T21:36:00","date_gmt":"2020-05-19T19:36:00","guid":{"rendered":"http:\/\/hemetli-herisau.ch.vasco.sui-inter.net\/?page_id=216"},"modified":"2026-03-25T09:45:14","modified_gmt":"2026-03-25T08:45:14","slug":"organisation","status":"publish","type":"page","link":"https:\/\/www.hemetli-herisau.ch\/de\/organisation\/","title":{"rendered":"Organisation"},"content":{"rendered":"<div class=\"wpb-content-wrapper\"><div class=\"vc_row wpb_row vc_row-fluid\" ><div class=\"wpb_column vc_column_container vc_col-sm-6\"><div class=\"vc_column-inner\"><div class=\"wpb_wrapper\">\n\t<div  class=\"wpb_single_image wpb_content_element vc_align_left wpb_content_element\">\n\t\t\n\t\t<figure class=\"wpb_wrapper vc_figure\">\n\t\t\t<div class=\"vc_single_image-wrapper   vc_box_border_grey\"><img loading=\"lazy\" decoding=\"async\" width=\"1110\" height=\"830\" src=\"https:\/\/www.hemetli-herisau.ch\/wp-content\/uploads\/2020\/10\/Verwaltung_Hemetli.jpg\" class=\"vc_single_image-img attachment-full\" alt=\"\" title=\"Verwaltung_Hemetli\" srcset=\"https:\/\/www.hemetli-herisau.ch\/wp-content\/uploads\/2020\/10\/Verwaltung_Hemetli.jpg 1110w, https:\/\/www.hemetli-herisau.ch\/wp-content\/uploads\/2020\/10\/Verwaltung_Hemetli-300x224.jpg 300w, https:\/\/www.hemetli-herisau.ch\/wp-content\/uploads\/2020\/10\/Verwaltung_Hemetli-1024x766.jpg 1024w, https:\/\/www.hemetli-herisau.ch\/wp-content\/uploads\/2020\/10\/Verwaltung_Hemetli-768x574.jpg 768w\" sizes=\"auto, (max-width: 1110px) 100vw, 1110px\" \/><\/div>\n\t\t<\/figure>\n\t<\/div>\n<\/div><\/div><\/div><div class=\"wpb_column vc_column_container vc_col-sm-6\"><div class=\"vc_column-inner\"><div class=\"wpb_wrapper\">\n\t<div class=\"wpb_text_column wpb_content_element\" >\n\t\t<div class=\"wpb_wrapper\">\n\t\t\t<h2><\/h2>\n<h2>Verwaltung<\/h2>\n<p>Die Verwaltung besteht aus mindestens f\u00fcnf Mitgliedern, gew\u00e4hlt durch die Generalversammlung. Sie bilden die strategische Ebene der Organisation. Auch der Pr\u00e4sident wird durch die Generalversammlung gew\u00e4hlt. Im \u00dcbrigen konstituiert sich die Verwaltung selbst.<\/p>\n<p>&nbsp;<\/p>\n<p>Den Mitgliedern der Verwaltung k\u00f6nnen bestimmte Ressorts zugewiesen werden.<\/p>\n<p>&nbsp;<\/p>\n<p><a href=\"\/wp-content\/uploads\/2020\/11\/Organigramm-Homepage-Nov-2020.pdf\" target=\"_blank\" rel=\"noopener noreferrer\">Organigramm<\/a><\/p>\n<p>&nbsp;<\/p>\n<p><a href=\"https:\/\/www.hemetli-herisau.ch\/wp-content\/uploads\/2026\/03\/Leitbild-Hemetli-Dezember-2025.pdf\" target=\"_blank\" rel=\"noopener noreferrer\">Leitbild<\/a><\/p>\n\n\t\t<\/div>\n\t<\/div>\n<\/div><\/div><\/div><\/div><div class=\"vc_row wpb_row vc_row-fluid\" ><div class=\"wpb_column vc_column_container vc_col-sm-12\"><div class=\"vc_column-inner\"><div class=\"wpb_wrapper\"><div class=\"vc_empty_space\"   style=\"height: 80px\"><span class=\"vc_empty_space_inner\"><\/span><\/div><\/div><\/div><\/div><\/div><div class=\"vc_row wpb_row vc_row-fluid members\" ><div class=\"wpb_column vc_column_container vc_col-sm-6\"><div class=\"vc_column-inner\"><div class=\"wpb_wrapper\"><\/div><\/div><\/div><div class=\"wpb_column vc_column_container vc_col-sm-6\"><div class=\"vc_column-inner\"><div class=\"wpb_wrapper\">\n\t<div class=\"wpb_text_column wpb_content_element\" >\n\t\t<div class=\"wpb_wrapper\">\n\t\t\t<h2>Mitglieder Verwaltung<\/h2>\n<ul>\n<li>\n<div class=\"flex flex-pull-apart\">Fredi Z\u00fcst, Pr\u00e4sident<a class=\"flex bottom-none\" href=\"mailto:fredi.zuest@hemetli-herisau.ch\"><img decoding=\"async\" src=\"\/wp-content\/uploads\/2020\/07\/basic_mail.svg\" \/><\/a><\/div>\n<\/li>\n<li>\n<div class=\"flex flex-pull-apart\">Ernst Bischofberger<a class=\"flex bottom-none\" href=\"mailto:ernst.bischofberger@hemetli-herisau.ch\"><img decoding=\"async\" src=\"\/wp-content\/uploads\/2020\/07\/basic_mail.svg\" \/><\/a><\/div>\n<\/li>\n<li>\n<div class=\"flex flex-pull-apart\">Claudia Frischknecht<\/div>\n<\/li>\n<li>\n<div class=\"flex flex-pull-apart\">Hans-Ueli L\u00fcthi<a class=\"flex bottom-none\" href=\"mailto:hansueli.luethi@hemetli-herisau.ch\"><img decoding=\"async\" src=\"\/wp-content\/uploads\/2020\/07\/basic_mail.svg\" \/><\/a><\/div>\n<\/li>\n<\/ul>\n\n\t\t<\/div>\n\t<\/div>\n<\/div><\/div><\/div><\/div><div class=\"vc_row wpb_row vc_row-fluid\" ><div class=\"wpb_column vc_column_container vc_col-sm-12\"><div class=\"vc_column-inner\"><div class=\"wpb_wrapper\"><div class=\"vc_empty_space\"   style=\"height: 72px\"><span class=\"vc_empty_space_inner\"><\/span><\/div><\/div><\/div><\/div><\/div><div class=\"vc_row wpb_row vc_row-fluid\" ><div class=\"wpb_column vc_column_container vc_col-sm-12\"><div class=\"vc_column-inner\"><div class=\"wpb_wrapper\"><div class=\"vc_empty_space\"   style=\"height: 32px\"><span class=\"vc_empty_space_inner\"><\/span><\/div><\/div><\/div><\/div><\/div><div class=\"vc_row wpb_row vc_row-fluid members\" ><div class=\"wpb_column vc_column_container vc_col-sm-6\"><div class=\"vc_column-inner\"><div class=\"wpb_wrapper\"><\/div><\/div><\/div><div class=\"wpb_column vc_column_container vc_col-sm-6\"><div class=\"vc_column-inner\"><div class=\"wpb_wrapper\">\n\t<div class=\"wpb_text_column wpb_content_element\" >\n\t\t<div class=\"wpb_wrapper\">\n\t\t\t<h2>Verantwortliche Liegenschaften<\/h2>\n<ul>\n<li>\n<div class=\"flex flex-pull-apart\">Christoph Lang<a class=\"flex bottom-none\" href=\"mailto:christoph.lang@hemetli-herisau.ch\"><img decoding=\"async\" src=\"\/wp-content\/uploads\/2020\/07\/basic_mail.svg\" \/><\/a><\/div>\n<\/li>\n<li>\n<div class=\"flex flex-pull-apart\">Markus Kobelt<a class=\"flex bottom-none\" href=\"mailto:markus.kobelt@hemetli-herisau.ch\"><img decoding=\"async\" src=\"\/wp-content\/uploads\/2020\/07\/basic_mail.svg\" \/><\/a><\/div>\n<\/li>\n<li>\n<div class=\"flex flex-pull-apart\">Urs Keller<a class=\"flex bottom-none\" href=\"mailto:urs.keller@hemetli-herisau.ch\"><img decoding=\"async\" src=\"\/wp-content\/uploads\/2020\/07\/basic_mail.svg\" \/><\/a><\/div>\n<\/li>\n<\/ul>\n\n\t\t<\/div>\n\t<\/div>\n<\/div><\/div><\/div><\/div><div class=\"vc_row wpb_row vc_row-fluid\" ><div class=\"wpb_column vc_column_container vc_col-sm-12\"><div class=\"vc_column-inner\"><div class=\"wpb_wrapper\"><div class=\"vc_empty_space\"   style=\"height: 12px\"><span class=\"vc_empty_space_inner\"><\/span><\/div><\/div><\/div><\/div><\/div>\n<\/div>","protected":false},"excerpt":{"rendered":"Verwaltung Die Verwaltung besteht aus mindestens f\u00fcnf Mitgliedern, gew\u00e4hlt durch die Generalversammlung. Sie bilden die strategische Ebene der Organisation. Auch der Pr\u00e4sident wird durch die Generalversammlung gew\u00e4hlt. Im \u00dcbrigen konstituiert sich die Verwaltung selbst. &nbsp; Den Mitgliedern der Verwaltung k\u00f6nnen [...]","protected":false},"author":1,"featured_media":0,"parent":0,"menu_order":0,"comment_status":"closed","ping_status":"closed","template":"","meta":{"inline_featured_image":false,"footnotes":""},"class_list":["post-216","page","type-page","status-publish","hentry"],"yoast_head":"<!-- This site is optimized with the Yoast SEO plugin v27.3 - https:\/\/yoast.com\/product\/yoast-seo-wordpress\/ -->\n<title>Organisation - Wohnbaugenossenschaft Hemetli Herisau<\/title>\n<meta name=\"robots\" content=\"index, follow, max-snippet:-1, max-image-preview:large, max-video-preview:-1\" \/>\n<link rel=\"canonical\" href=\"https:\/\/www.hemetli-herisau.ch\/de\/organisation\/\" \/>\n<meta property=\"og:locale\" content=\"de_DE\" \/>\n<meta property=\"og:type\" content=\"article\" \/>\n<meta property=\"og:title\" content=\"Organisation - Wohnbaugenossenschaft Hemetli Herisau\" \/>\n<meta property=\"og:url\" content=\"https:\/\/www.hemetli-herisau.ch\/de\/organisation\/\" \/>\n<meta property=\"og:site_name\" content=\"Wohnbaugenossenschaft Hemetli Herisau\" \/>\n<meta property=\"article:modified_time\" content=\"2026-03-25T08:45:14+00:00\" \/>\n<meta name=\"twitter:card\" content=\"summary_large_image\" \/>\n<meta name=\"twitter:label1\" content=\"Gesch\u00e4tzte Lesezeit\" \/>\n\t<meta name=\"twitter:data1\" content=\"2\u00a0Minuten\" \/>\n<script type=\"application\/ld+json\" class=\"yoast-schema-graph\">{\"@context\":\"https:\\\/\\\/schema.org\",\"@graph\":[{\"@type\":\"WebPage\",\"@id\":\"https:\\\/\\\/www.hemetli-herisau.ch\\\/organisation\\\/\",\"url\":\"https:\\\/\\\/www.hemetli-herisau.ch\\\/organisation\\\/\",\"name\":\"Organisation - Wohnbaugenossenschaft Hemetli Herisau\",\"isPartOf\":{\"@id\":\"https:\\\/\\\/www.hemetli-herisau.ch\\\/de\\\/#website\"},\"datePublished\":\"2020-05-19T19:36:00+00:00\",\"dateModified\":\"2026-03-25T08:45:14+00:00\",\"breadcrumb\":{\"@id\":\"https:\\\/\\\/www.hemetli-herisau.ch\\\/organisation\\\/#breadcrumb\"},\"inLanguage\":\"de\",\"potentialAction\":[{\"@type\":\"ReadAction\",\"target\":[\"https:\\\/\\\/www.hemetli-herisau.ch\\\/organisation\\\/\"]}]},{\"@type\":\"BreadcrumbList\",\"@id\":\"https:\\\/\\\/www.hemetli-herisau.ch\\\/organisation\\\/#breadcrumb\",\"itemListElement\":[{\"@type\":\"ListItem\",\"position\":1,\"name\":\"Startseite\",\"item\":\"https:\\\/\\\/www.hemetli-herisau.ch\\\/\"},{\"@type\":\"ListItem\",\"position\":2,\"name\":\"Organisation\"}]},{\"@type\":\"WebSite\",\"@id\":\"https:\\\/\\\/www.hemetli-herisau.ch\\\/de\\\/#website\",\"url\":\"https:\\\/\\\/www.hemetli-herisau.ch\\\/de\\\/\",\"name\":\"Wohnbaugenossenschaft Hemetli Herisau\",\"description\":\"\",\"potentialAction\":[{\"@type\":\"SearchAction\",\"target\":{\"@type\":\"EntryPoint\",\"urlTemplate\":\"https:\\\/\\\/www.hemetli-herisau.ch\\\/de\\\/?s={search_term_string}\"},\"query-input\":{\"@type\":\"PropertyValueSpecification\",\"valueRequired\":true,\"valueName\":\"search_term_string\"}}],\"inLanguage\":\"de\"}]}<\/script>\n<!-- \/ Yoast SEO plugin. -->","yoast_head_json":{"title":"Organisation - Wohnbaugenossenschaft Hemetli Herisau","robots":{"index":"index","follow":"follow","max-snippet":"max-snippet:-1","max-image-preview":"max-image-preview:large","max-video-preview":"max-video-preview:-1"},"canonical":"https:\/\/www.hemetli-herisau.ch\/de\/organisation\/","og_locale":"de_DE","og_type":"article","og_title":"Organisation - Wohnbaugenossenschaft Hemetli Herisau","og_url":"https:\/\/www.hemetli-herisau.ch\/de\/organisation\/","og_site_name":"Wohnbaugenossenschaft Hemetli Herisau","article_modified_time":"2026-03-25T08:45:14+00:00","twitter_card":"summary_large_image","twitter_misc":{"Gesch\u00e4tzte Lesezeit":"2\u00a0Minuten"},"schema":{"@context":"https:\/\/schema.org","@graph":[{"@type":"WebPage","@id":"https:\/\/www.hemetli-herisau.ch\/organisation\/","url":"https:\/\/www.hemetli-herisau.ch\/organisation\/","name":"Organisation - Wohnbaugenossenschaft Hemetli Herisau","isPartOf":{"@id":"https:\/\/www.hemetli-herisau.ch\/de\/#website"},"datePublished":"2020-05-19T19:36:00+00:00","dateModified":"2026-03-25T08:45:14+00:00","breadcrumb":{"@id":"https:\/\/www.hemetli-herisau.ch\/organisation\/#breadcrumb"},"inLanguage":"de","potentialAction":[{"@type":"ReadAction","target":["https:\/\/www.hemetli-herisau.ch\/organisation\/"]}]},{"@type":"BreadcrumbList","@id":"https:\/\/www.hemetli-herisau.ch\/organisation\/#breadcrumb","itemListElement":[{"@type":"ListItem","position":1,"name":"Startseite","item":"https:\/\/www.hemetli-herisau.ch\/"},{"@type":"ListItem","position":2,"name":"Organisation"}]},{"@type":"WebSite","@id":"https:\/\/www.hemetli-herisau.ch\/de\/#website","url":"https:\/\/www.hemetli-herisau.ch\/de\/","name":"Wohnbaugenossenschaft Hemetli Herisau","description":"","potentialAction":[{"@type":"SearchAction","target":{"@type":"EntryPoint","urlTemplate":"https:\/\/www.hemetli-herisau.ch\/de\/?s={search_term_string}"},"query-input":{"@type":"PropertyValueSpecification","valueRequired":true,"valueName":"search_term_string"}}],"inLanguage":"de"}]}},"_links":{"self":[{"href":"https:\/\/www.hemetli-herisau.ch\/de\/wp-json\/wp\/v2\/pages\/216","targetHints":{"allow":["GET"]}}],"collection":[{"href":"https:\/\/www.hemetli-herisau.ch\/de\/wp-json\/wp\/v2\/pages"}],"about":[{"href":"https:\/\/www.hemetli-herisau.ch\/de\/wp-json\/wp\/v2\/types\/page"}],"author":[{"embeddable":true,"href":"https:\/\/www.hemetli-herisau.ch\/de\/wp-json\/wp\/v2\/users\/1"}],"replies":[{"embeddable":true,"href":"https:\/\/www.hemetli-herisau.ch\/de\/wp-json\/wp\/v2\/comments?post=216"}],"version-history":[{"count":49,"href":"https:\/\/www.hemetli-herisau.ch\/de\/wp-json\/wp\/v2\/pages\/216\/revisions"}],"predecessor-version":[{"id":810,"href":"https:\/\/www.hemetli-herisau.ch\/de\/wp-json\/wp\/v2\/pages\/216\/revisions\/810"}],"wp:attachment":[{"href":"https:\/\/www.hemetli-herisau.ch\/de\/wp-json\/wp\/v2\/media?parent=216"}],"curies":[{"name":"wp","href":"https:\/\/api.w.org\/{rel}","templated":true}]}}