{"id":27,"date":"2020-04-21T10:57:16","date_gmt":"2020-04-21T08:57:16","guid":{"rendered":"http:\/\/local.hemetli-herisau.ch\/?page_id=27"},"modified":"2025-03-27T10:14:34","modified_gmt":"2025-03-27T09:14:34","slug":"freie-wohnungen","status":"publish","type":"page","link":"https:\/\/www.hemetli-herisau.ch\/de\/freie-wohnungen\/","title":{"rendered":"Freie Wohnungen"},"content":{"rendered":"<div class=\"wpb-content-wrapper\"><div class=\"vc_row wpb_row vc_row-fluid\" ><div class=\"wpb_column vc_column_container vc_col-sm-6\"><div class=\"vc_column-inner\"><div class=\"wpb_wrapper\">\n\t<div  class=\"wpb_single_image wpb_content_element vc_align_left wpb_content_element\">\n\t\t\n\t\t<figure class=\"wpb_wrapper vc_figure\">\n\t\t\t<div class=\"vc_single_image-wrapper   vc_box_border_grey\"><img loading=\"lazy\" decoding=\"async\" width=\"1244\" height=\"830\" src=\"https:\/\/www.hemetli-herisau.ch\/wp-content\/uploads\/2020\/07\/image006.jpg\" class=\"vc_single_image-img attachment-full\" alt=\"\" title=\"image006\" srcset=\"https:\/\/www.hemetli-herisau.ch\/wp-content\/uploads\/2020\/07\/image006.jpg 1244w, https:\/\/www.hemetli-herisau.ch\/wp-content\/uploads\/2020\/07\/image006-300x200.jpg 300w, https:\/\/www.hemetli-herisau.ch\/wp-content\/uploads\/2020\/07\/image006-1024x683.jpg 1024w, https:\/\/www.hemetli-herisau.ch\/wp-content\/uploads\/2020\/07\/image006-768x512.jpg 768w\" sizes=\"auto, (max-width: 1244px) 100vw, 1244px\" \/><\/div>\n\t\t<\/figure>\n\t<\/div>\n<\/div><\/div><\/div><div class=\"wpb_column vc_column_container vc_col-sm-6\"><div class=\"vc_column-inner\"><div class=\"wpb_wrapper\">\n\t<div class=\"wpb_text_column wpb_content_element\" >\n\t\t<div class=\"wpb_wrapper\">\n\t\t\t<h2>Vermietung Wohnungen und Autoeinstellpl\u00e4tze<\/h2>\n<p>Klicken Sie auf Newhome.ch, um unsere aktuellen Wohnungen anzuzeigen. F\u00fcr Fragen stehen wir Ihnen unter 071 351 65 68 gerne zur Verf\u00fcgung.<\/p>\n<p>&nbsp;<\/p>\n<p><a href=\"https:\/\/www.newhome.ch\/de\/partner\/immobilien?pc=336504&amp;objektart=100&amp;angebotsart=2&amp;s=0\" target=\"_blank\" rel=\"noopener noreferrer\">Auf Newhome ansehen<\/a><\/p>\n<p>&nbsp;<\/p>\n<p><strong>Nach Beendigung der Sanierungsarbeiten haben wir in unseren Liegenschaften Sturzeneggstrasse 2\/4\/6 und Saumstrasse 15 in Herisau verschiedene Wohnungen zu vermieten. F\u00fcr n\u00e4here Ausk\u00fcnfte stehen wir Ihnen gerne zur Verf\u00fcgung.\u00a0<\/strong><\/p>\n<p><img decoding=\"async\" src=\"https:\/\/www.hemetli-herisau.ch\/wp-content\/uploads\/2025\/02\/Aussenansicht-2-min.jpg\" \/><\/p>\n\n\t\t<\/div>\n\t<\/div>\n<\/div><\/div><\/div><\/div><div class=\"vc_row wpb_row vc_row-fluid\" ><div class=\"wpb_column vc_column_container vc_col-sm-12\"><div class=\"vc_column-inner\"><div class=\"wpb_wrapper\"><div class=\"vc_empty_space\"   style=\"height: 102px\"><span class=\"vc_empty_space_inner\"><\/span><\/div>\n\t<div class=\"wpb_text_column wpb_content_element\" >\n\t\t<div class=\"wpb_wrapper\">\n\t\t\t<h2 class=\"margin-left-6\">Mietinteresse anmelden<\/h2>\n<p>&nbsp;<\/p>\n\n<div class=\"wpcf7 no-js\" id=\"wpcf7-f339-o1\" lang=\"de-DE\" dir=\"ltr\" data-wpcf7-id=\"339\">\n<div class=\"screen-reader-response\"><p role=\"status\" aria-live=\"polite\" aria-atomic=\"true\"><\/p> <ul><\/ul><\/div>\n<form action=\"\/de\/wp-json\/wp\/v2\/pages\/27#wpcf7-f339-o1\" method=\"post\" class=\"wpcf7-form init\" aria-label=\"Kontaktformular\" novalidate=\"novalidate\" data-status=\"init\">\n<fieldset class=\"hidden-fields-container\"><input type=\"hidden\" name=\"_wpcf7\" value=\"339\" \/><input type=\"hidden\" name=\"_wpcf7_version\" value=\"6.1.5\" \/><input type=\"hidden\" name=\"_wpcf7_locale\" value=\"de_DE\" \/><input type=\"hidden\" name=\"_wpcf7_unit_tag\" value=\"wpcf7-f339-o1\" \/><input type=\"hidden\" name=\"_wpcf7_container_post\" value=\"0\" \/><input type=\"hidden\" name=\"_wpcf7_posted_data_hash\" value=\"\" \/><input type=\"hidden\" name=\"_wpcf7_recaptcha_response\" value=\"\" \/>\n<\/fieldset>\n<div class=\"vc_row wpb_row vc_row-fluid padding-left-10\">\n\t<div class=\"wpb_column vc_column_container vc_col-sm-6\">\n\t\t<div class=\"vc_column-inner\">\n\t\t\t<div class=\"wpb_wrapper margin-left-15\">\n\t\t\t\t<p><label><span class=\"wpcf7-form-control-wrap\" data-name=\"your-name\"><input size=\"40\" maxlength=\"400\" class=\"wpcf7-form-control wpcf7-text wpcf7-validates-as-required\" aria-required=\"true\" aria-invalid=\"false\" placeholder=\"Name\" value=\"\" type=\"text\" name=\"your-name\" \/><\/span><\/label>\n\t\t\t\t<\/p>\n\t\t\t\t<p><label><span class=\"wpcf7-form-control-wrap\" data-name=\"your-phone\"><input size=\"40\" maxlength=\"400\" class=\"wpcf7-form-control wpcf7-text wpcf7-validates-as-required\" aria-required=\"true\" aria-invalid=\"false\" placeholder=\"Telefon\" value=\"\" type=\"text\" name=\"your-phone\" \/><\/span><\/label>\n\t\t\t\t<\/p>\n\t\t\t\t<p><span class=\"wpcf7-form-control-wrap\" data-name=\"your-kind\"><span class=\"wpcf7-form-control wpcf7-checkbox\"><span class=\"wpcf7-list-item first\"><input type=\"checkbox\" name=\"your-kind[]\" value=\"Wohnung\" \/><span class=\"wpcf7-list-item-label\">Wohnung<\/span><\/span><span class=\"wpcf7-list-item last\"><input type=\"checkbox\" name=\"your-kind[]\" value=\"Garage\/Autoeinstellplatz\" \/><span class=\"wpcf7-list-item-label\">Garage\/Autoeinstellplatz<\/span><\/span><\/span><\/span>\n\t\t\t\t<\/p>\n\t\t\t<\/div>\n\t\t<\/div>\n\t<\/div>\n\t<div class=\"wpb_column vc_column_container vc_col-sm-6\">\n\t\t<div class=\"vc_column-inner\">\n\t\t\t<div class=\"wpb_wrapper\">\n\t\t\t\t<div class=\"wpb_text_column wpb_content_element \">\n\t\t\t\t\t<div class=\"wpb_wrapper\">\n\t\t\t\t\t\t<p><label><span class=\"wpcf7-form-control-wrap\" data-name=\"your-surname\"><input size=\"40\" maxlength=\"400\" class=\"wpcf7-form-control wpcf7-text wpcf7-validates-as-required\" aria-required=\"true\" aria-invalid=\"false\" placeholder=\"Vorname\" value=\"\" type=\"text\" name=\"your-surname\" \/><\/span><\/label>\n\t\t\t\t\t\t<\/p>\n\t\t\t\t\t\t<p><label><span class=\"wpcf7-form-control-wrap\" data-name=\"your-email\"><input size=\"40\" maxlength=\"400\" class=\"wpcf7-form-control wpcf7-email wpcf7-validates-as-required wpcf7-text wpcf7-validates-as-email\" aria-required=\"true\" aria-invalid=\"false\" placeholder=\"E-Mail\" value=\"\" type=\"email\" name=\"your-email\" \/><\/span><\/label>\n\t\t\t\t\t\t<\/p>\n\t\t\t\t\t\t<p><label><span class=\"wpcf7-form-control-wrap\" data-name=\"your-property\"><input size=\"40\" maxlength=\"400\" class=\"wpcf7-form-control wpcf7-text\" aria-invalid=\"false\" placeholder=\"Liegenschaft\" value=\"\" type=\"text\" name=\"your-property\" \/><\/span><\/label>\n\t\t\t\t\t\t<\/p>\n\t\t\t\t\t<\/div>\n\t\t\t\t<\/div>\n\t\t\t<\/div>\n\t\t<\/div>\n\t<\/div>\n<\/div>\n<div class=\"padding-left-10\">\n\t<p><label><span class=\"wpcf7-form-control-wrap\" data-name=\"your-message\"><textarea cols=\"40\" rows=\"10\" maxlength=\"2000\" class=\"wpcf7-form-control wpcf7-textarea wpcf7-validates-as-required\" aria-required=\"true\" aria-invalid=\"false\" placeholder=\"Nachricht\" name=\"your-message\"><\/textarea><\/span><\/label><br \/>\n<input class=\"wpcf7-form-control wpcf7-submit has-spinner button\" type=\"submit\" value=\"Absenden\" \/>\n\t<\/p>\n<\/div><div class=\"wpcf7-response-output\" aria-hidden=\"true\"><\/div>\n<\/form>\n<\/div>\n\n\n\t\t<\/div>\n\t<\/div>\n<\/div><\/div><\/div><\/div>\n<\/div>","protected":false},"excerpt":{"rendered":"Vermietung Wohnungen und Autoeinstellpl\u00e4tze Klicken Sie auf Newhome.ch, um unsere aktuellen Wohnungen anzuzeigen. F\u00fcr Fragen stehen wir Ihnen unter 071 351 65 68 gerne zur Verf\u00fcgung. &nbsp; Auf Newhome ansehen &nbsp; Nach Beendigung der Sanierungsarbeiten haben wir in unseren Liegenschaften [...]","protected":false},"author":1,"featured_media":0,"parent":0,"menu_order":0,"comment_status":"closed","ping_status":"closed","template":"","meta":{"inline_featured_image":false,"footnotes":""},"class_list":["post-27","page","type-page","status-publish","hentry"],"yoast_head":"<!-- This site is optimized with the Yoast SEO plugin v27.3 - https:\/\/yoast.com\/product\/yoast-seo-wordpress\/ -->\n<title>Freie Wohnungen - Wohnbaugenossenschaft Hemetli Herisau<\/title>\n<meta name=\"robots\" content=\"index, follow, max-snippet:-1, max-image-preview:large, max-video-preview:-1\" \/>\n<link rel=\"canonical\" href=\"https:\/\/www.hemetli-herisau.ch\/de\/freie-wohnungen\/\" \/>\n<meta property=\"og:locale\" content=\"de_DE\" \/>\n<meta property=\"og:type\" content=\"article\" \/>\n<meta property=\"og:title\" content=\"Freie Wohnungen - Wohnbaugenossenschaft Hemetli Herisau\" \/>\n<meta property=\"og:url\" content=\"https:\/\/www.hemetli-herisau.ch\/de\/freie-wohnungen\/\" \/>\n<meta property=\"og:site_name\" content=\"Wohnbaugenossenschaft Hemetli Herisau\" \/>\n<meta property=\"article:modified_time\" content=\"2025-03-27T09:14:34+00:00\" \/>\n<meta property=\"og:image\" content=\"https:\/\/www.hemetli-herisau.ch\/wp-content\/uploads\/2025\/02\/Aussenansicht-2-min.jpg\" \/>\n<meta name=\"twitter:card\" content=\"summary_large_image\" \/>\n<meta name=\"twitter:label1\" content=\"Gesch\u00e4tzte Lesezeit\" \/>\n\t<meta name=\"twitter:data1\" content=\"1\u00a0Minute\" \/>\n<script type=\"application\/ld+json\" class=\"yoast-schema-graph\">{\"@context\":\"https:\\\/\\\/schema.org\",\"@graph\":[{\"@type\":\"WebPage\",\"@id\":\"https:\\\/\\\/www.hemetli-herisau.ch\\\/freie-wohnungen\\\/\",\"url\":\"https:\\\/\\\/www.hemetli-herisau.ch\\\/freie-wohnungen\\\/\",\"name\":\"Freie Wohnungen - Wohnbaugenossenschaft Hemetli Herisau\",\"isPartOf\":{\"@id\":\"https:\\\/\\\/www.hemetli-herisau.ch\\\/de\\\/#website\"},\"primaryImageOfPage\":{\"@id\":\"https:\\\/\\\/www.hemetli-herisau.ch\\\/freie-wohnungen\\\/#primaryimage\"},\"image\":{\"@id\":\"https:\\\/\\\/www.hemetli-herisau.ch\\\/freie-wohnungen\\\/#primaryimage\"},\"thumbnailUrl\":\"https:\\\/\\\/www.hemetli-herisau.ch\\\/wp-content\\\/uploads\\\/2025\\\/02\\\/Aussenansicht-2-min.jpg\",\"datePublished\":\"2020-04-21T08:57:16+00:00\",\"dateModified\":\"2025-03-27T09:14:34+00:00\",\"breadcrumb\":{\"@id\":\"https:\\\/\\\/www.hemetli-herisau.ch\\\/freie-wohnungen\\\/#breadcrumb\"},\"inLanguage\":\"de\",\"potentialAction\":[{\"@type\":\"ReadAction\",\"target\":[\"https:\\\/\\\/www.hemetli-herisau.ch\\\/freie-wohnungen\\\/\"]}]},{\"@type\":\"ImageObject\",\"inLanguage\":\"de\",\"@id\":\"https:\\\/\\\/www.hemetli-herisau.ch\\\/freie-wohnungen\\\/#primaryimage\",\"url\":\"https:\\\/\\\/www.hemetli-herisau.ch\\\/wp-content\\\/uploads\\\/2025\\\/02\\\/Aussenansicht-2-min.jpg\",\"contentUrl\":\"https:\\\/\\\/www.hemetli-herisau.ch\\\/wp-content\\\/uploads\\\/2025\\\/02\\\/Aussenansicht-2-min.jpg\"},{\"@type\":\"BreadcrumbList\",\"@id\":\"https:\\\/\\\/www.hemetli-herisau.ch\\\/freie-wohnungen\\\/#breadcrumb\",\"itemListElement\":[{\"@type\":\"ListItem\",\"position\":1,\"name\":\"Startseite\",\"item\":\"https:\\\/\\\/www.hemetli-herisau.ch\\\/\"},{\"@type\":\"ListItem\",\"position\":2,\"name\":\"Freie Wohnungen\"}]},{\"@type\":\"WebSite\",\"@id\":\"https:\\\/\\\/www.hemetli-herisau.ch\\\/de\\\/#website\",\"url\":\"https:\\\/\\\/www.hemetli-herisau.ch\\\/de\\\/\",\"name\":\"Wohnbaugenossenschaft Hemetli Herisau\",\"description\":\"\",\"potentialAction\":[{\"@type\":\"SearchAction\",\"target\":{\"@type\":\"EntryPoint\",\"urlTemplate\":\"https:\\\/\\\/www.hemetli-herisau.ch\\\/de\\\/?s={search_term_string}\"},\"query-input\":{\"@type\":\"PropertyValueSpecification\",\"valueRequired\":true,\"valueName\":\"search_term_string\"}}],\"inLanguage\":\"de\"}]}<\/script>\n<!-- \/ Yoast SEO plugin. -->","yoast_head_json":{"title":"Freie Wohnungen - Wohnbaugenossenschaft Hemetli Herisau","robots":{"index":"index","follow":"follow","max-snippet":"max-snippet:-1","max-image-preview":"max-image-preview:large","max-video-preview":"max-video-preview:-1"},"canonical":"https:\/\/www.hemetli-herisau.ch\/de\/freie-wohnungen\/","og_locale":"de_DE","og_type":"article","og_title":"Freie Wohnungen - Wohnbaugenossenschaft Hemetli Herisau","og_url":"https:\/\/www.hemetli-herisau.ch\/de\/freie-wohnungen\/","og_site_name":"Wohnbaugenossenschaft Hemetli Herisau","article_modified_time":"2025-03-27T09:14:34+00:00","og_image":[{"url":"https:\/\/www.hemetli-herisau.ch\/wp-content\/uploads\/2025\/02\/Aussenansicht-2-min.jpg","type":"","width":"","height":""}],"twitter_card":"summary_large_image","twitter_misc":{"Gesch\u00e4tzte Lesezeit":"1\u00a0Minute"},"schema":{"@context":"https:\/\/schema.org","@graph":[{"@type":"WebPage","@id":"https:\/\/www.hemetli-herisau.ch\/freie-wohnungen\/","url":"https:\/\/www.hemetli-herisau.ch\/freie-wohnungen\/","name":"Freie Wohnungen - Wohnbaugenossenschaft Hemetli Herisau","isPartOf":{"@id":"https:\/\/www.hemetli-herisau.ch\/de\/#website"},"primaryImageOfPage":{"@id":"https:\/\/www.hemetli-herisau.ch\/freie-wohnungen\/#primaryimage"},"image":{"@id":"https:\/\/www.hemetli-herisau.ch\/freie-wohnungen\/#primaryimage"},"thumbnailUrl":"https:\/\/www.hemetli-herisau.ch\/wp-content\/uploads\/2025\/02\/Aussenansicht-2-min.jpg","datePublished":"2020-04-21T08:57:16+00:00","dateModified":"2025-03-27T09:14:34+00:00","breadcrumb":{"@id":"https:\/\/www.hemetli-herisau.ch\/freie-wohnungen\/#breadcrumb"},"inLanguage":"de","potentialAction":[{"@type":"ReadAction","target":["https:\/\/www.hemetli-herisau.ch\/freie-wohnungen\/"]}]},{"@type":"ImageObject","inLanguage":"de","@id":"https:\/\/www.hemetli-herisau.ch\/freie-wohnungen\/#primaryimage","url":"https:\/\/www.hemetli-herisau.ch\/wp-content\/uploads\/2025\/02\/Aussenansicht-2-min.jpg","contentUrl":"https:\/\/www.hemetli-herisau.ch\/wp-content\/uploads\/2025\/02\/Aussenansicht-2-min.jpg"},{"@type":"BreadcrumbList","@id":"https:\/\/www.hemetli-herisau.ch\/freie-wohnungen\/#breadcrumb","itemListElement":[{"@type":"ListItem","position":1,"name":"Startseite","item":"https:\/\/www.hemetli-herisau.ch\/"},{"@type":"ListItem","position":2,"name":"Freie Wohnungen"}]},{"@type":"WebSite","@id":"https:\/\/www.hemetli-herisau.ch\/de\/#website","url":"https:\/\/www.hemetli-herisau.ch\/de\/","name":"Wohnbaugenossenschaft Hemetli Herisau","description":"","potentialAction":[{"@type":"SearchAction","target":{"@type":"EntryPoint","urlTemplate":"https:\/\/www.hemetli-herisau.ch\/de\/?s={search_term_string}"},"query-input":{"@type":"PropertyValueSpecification","valueRequired":true,"valueName":"search_term_string"}}],"inLanguage":"de"}]}},"_links":{"self":[{"href":"https:\/\/www.hemetli-herisau.ch\/de\/wp-json\/wp\/v2\/pages\/27","targetHints":{"allow":["GET"]}}],"collection":[{"href":"https:\/\/www.hemetli-herisau.ch\/de\/wp-json\/wp\/v2\/pages"}],"about":[{"href":"https:\/\/www.hemetli-herisau.ch\/de\/wp-json\/wp\/v2\/types\/page"}],"author":[{"embeddable":true,"href":"https:\/\/www.hemetli-herisau.ch\/de\/wp-json\/wp\/v2\/users\/1"}],"replies":[{"embeddable":true,"href":"https:\/\/www.hemetli-herisau.ch\/de\/wp-json\/wp\/v2\/comments?post=27"}],"version-history":[{"count":33,"href":"https:\/\/www.hemetli-herisau.ch\/de\/wp-json\/wp\/v2\/pages\/27\/revisions"}],"predecessor-version":[{"id":774,"href":"https:\/\/www.hemetli-herisau.ch\/de\/wp-json\/wp\/v2\/pages\/27\/revisions\/774"}],"wp:attachment":[{"href":"https:\/\/www.hemetli-herisau.ch\/de\/wp-json\/wp\/v2\/media?parent=27"}],"curies":[{"name":"wp","href":"https:\/\/api.w.org\/{rel}","templated":true}]}}