{"id":47,"date":"2020-04-21T11:09:13","date_gmt":"2020-04-21T09:09:13","guid":{"rendered":"http:\/\/local.hemetli-herisau.ch\/?page_id=47"},"modified":"2025-08-04T10:07:36","modified_gmt":"2025-08-04T08:07:36","slug":"aktuelles","status":"publish","type":"page","link":"https:\/\/www.hemetli-herisau.ch\/de\/aktuelles\/","title":{"rendered":"Aktuelles"},"content":{"rendered":"<div class=\"wpb-content-wrapper\"><div data-qodef-anchor=\"gv\" class=\"vc_row wpb_row vc_row-fluid\" ><div class=\"wpb_column vc_column_container vc_col-sm-6\"><div class=\"vc_column-inner\"><div class=\"wpb_wrapper\">\n\t<div  class=\"wpb_single_image wpb_content_element vc_align_left wpb_content_element\">\n\t\t\n\t\t<figure class=\"wpb_wrapper vc_figure\">\n\t\t\t<div class=\"vc_single_image-wrapper   vc_box_border_grey\"><img loading=\"lazy\" decoding=\"async\" width=\"844\" height=\"562\" src=\"https:\/\/www.hemetli-herisau.ch\/wp-content\/uploads\/2020\/07\/DSC_1088_1_hp-3.jpg\" class=\"vc_single_image-img attachment-full\" alt=\"\" title=\"DSC_1088_1_hp\" srcset=\"https:\/\/www.hemetli-herisau.ch\/wp-content\/uploads\/2020\/07\/DSC_1088_1_hp-3.jpg 844w, https:\/\/www.hemetli-herisau.ch\/wp-content\/uploads\/2020\/07\/DSC_1088_1_hp-3-300x200.jpg 300w, https:\/\/www.hemetli-herisau.ch\/wp-content\/uploads\/2020\/07\/DSC_1088_1_hp-3-768x511.jpg 768w\" sizes=\"auto, (max-width: 844px) 100vw, 844px\" \/><\/div>\n\t\t<\/figure>\n\t<\/div>\n<\/div><\/div><\/div><div class=\"wpb_column vc_column_container vc_col-sm-6\"><div class=\"vc_column-inner\"><div class=\"wpb_wrapper\">\n\t<div class=\"wpb_text_column wpb_content_element\" >\n\t\t<div class=\"wpb_wrapper\">\n\t\t\t<h2>Generalversammlung<\/h2>\n<p>Unsere n\u00e4chste GV findet am Mittwoch, 29. April 2026,<\/p>\n<p>im Kulturzentrum Casino Herisau statt.<\/p>\n\n\t\t<\/div>\n\t<\/div>\n<\/div><\/div><\/div><\/div><div class=\"vc_row wpb_row vc_row-fluid\" ><div class=\"wpb_column vc_column_container vc_col-sm-6\"><div class=\"vc_column-inner\"><div class=\"wpb_wrapper\">\n\t<div  class=\"wpb_single_image wpb_content_element vc_align_left wpb_content_element\">\n\t\t\n\t\t<figure class=\"wpb_wrapper vc_figure\">\n\t\t\t<div class=\"vc_single_image-wrapper   vc_box_border_grey\"><img loading=\"lazy\" decoding=\"async\" width=\"754\" height=\"494\" src=\"https:\/\/www.hemetli-herisau.ch\/wp-content\/uploads\/2020\/11\/Steinrieseln-e1604928573821.jpg\" class=\"vc_single_image-img attachment-full\" alt=\"\" title=\"Steinrieseln\" srcset=\"https:\/\/www.hemetli-herisau.ch\/wp-content\/uploads\/2020\/11\/Steinrieseln-e1604928573821.jpg 754w, https:\/\/www.hemetli-herisau.ch\/wp-content\/uploads\/2020\/11\/Steinrieseln-e1604928573821-300x197.jpg 300w, https:\/\/www.hemetli-herisau.ch\/wp-content\/uploads\/2020\/11\/Steinrieseln-e1604928573821-16x10.jpg 16w\" sizes=\"auto, (max-width: 754px) 100vw, 754px\" \/><\/div>\n\t\t<\/figure>\n\t<\/div>\n<\/div><\/div><\/div><div class=\"wpb_column vc_column_container vc_col-sm-6\"><div class=\"vc_column-inner\"><div class=\"wpb_wrapper\">\n\t<div class=\"wpb_text_column wpb_content_element\" >\n\t\t<div class=\"wpb_wrapper\">\n\t\t\t<h2>Gesch\u00e4ftsberichte<br \/>\n2020 &#8211; 2024<\/h2>\n<p>&nbsp;<\/p>\n<p><a href=\"https:\/\/www.hemetli-herisau.ch\/wp-content\/uploads\/2025\/04\/Geschaeftsbericht-2024.pdf\">Gesch\u00e4ftsbericht 2024 PDF<\/a><\/p>\n<p>&nbsp;<\/p>\n<p><a href=\"https:\/\/www.hemetli-herisau.ch\/wp-content\/uploads\/2024\/06\/Geschaeftsbericht-2023-PDF-1.pdf\">Gesch\u00e4ftsbericht 2023 PDF<\/a><\/p>\n<p>&nbsp;<\/p>\n<p><a href=\"https:\/\/www.hemetli-herisau.ch\/wp-content\/uploads\/2023\/04\/Geschaeftsbericht-2022-Druckversion.pdf\">Gesch\u00e4ftsbericht 2022 PDF<\/a><\/p>\n<p>&nbsp;<\/p>\n<p><a href=\"https:\/\/www.hemetli-herisau.ch\/wp-content\/uploads\/2022\/03\/Geschaeftsbericht-2021_Druckversion.pdf\">Gesch\u00e4ftsbericht 2021 PDF<\/a><\/p>\n<p>&nbsp;<\/p>\n<p><a href=\"https:\/\/www.hemetli-herisau.ch\/wp-content\/uploads\/2021\/09\/Geschaeftsbericht-2020-Druckversion.pdf\">Gesch\u00e4ftsbericht 2020 PDF<\/a><\/p>\n<p>&nbsp;<\/p>\n\n\t\t<\/div>\n\t<\/div>\n<\/div><\/div><\/div><\/div><div class=\"vc_row wpb_row vc_row-fluid\" ><div class=\"wpb_column vc_column_container vc_col-sm-6\"><div class=\"vc_column-inner\"><div class=\"wpb_wrapper\">\n\t<div  class=\"wpb_single_image wpb_content_element vc_align_left wpb_content_element\">\n\t\t\n\t\t<figure class=\"wpb_wrapper vc_figure\">\n\t\t\t<div class=\"vc_single_image-wrapper   vc_box_border_grey\"><img loading=\"lazy\" decoding=\"async\" width=\"1920\" height=\"1280\" src=\"https:\/\/www.hemetli-herisau.ch\/wp-content\/uploads\/2020\/10\/l31-01.jpg\" class=\"vc_single_image-img attachment-full\" alt=\"\" title=\"l31-01\" srcset=\"https:\/\/www.hemetli-herisau.ch\/wp-content\/uploads\/2020\/10\/l31-01.jpg 1920w, https:\/\/www.hemetli-herisau.ch\/wp-content\/uploads\/2020\/10\/l31-01-300x200.jpg 300w, https:\/\/www.hemetli-herisau.ch\/wp-content\/uploads\/2020\/10\/l31-01-1024x683.jpg 1024w, https:\/\/www.hemetli-herisau.ch\/wp-content\/uploads\/2020\/10\/l31-01-768x512.jpg 768w, https:\/\/www.hemetli-herisau.ch\/wp-content\/uploads\/2020\/10\/l31-01-1536x1024.jpg 1536w\" sizes=\"auto, (max-width: 1920px) 100vw, 1920px\" \/><\/div>\n\t\t<\/figure>\n\t<\/div>\n<\/div><\/div><\/div><div class=\"wpb_column vc_column_container vc_col-sm-6\"><div class=\"vc_column-inner\"><div class=\"wpb_wrapper\">\n\t<div class=\"wpb_text_column wpb_content_element\" >\n\t\t<div class=\"wpb_wrapper\">\n\t\t\t<h2>Jubil\u00e4um 75 Jahre<\/h2>\n<p><a href=\"\/wp-content\/uploads\/2020\/11\/jubilaeumsbroschuere-75-jahre-hemetli-druckv.pdf\" target=\"_blank\" rel=\"noopener noreferrer\">Download Jubil\u00e4umsbrosch\u00fcre<\/a><\/p>\n\n\t\t<\/div>\n\t<\/div>\n<\/div><\/div><\/div><\/div>\n<\/div>","protected":false},"excerpt":{"rendered":"Generalversammlung Unsere n\u00e4chste GV findet am Mittwoch, 29. April 2026, im Kulturzentrum Casino Herisau statt. Gesch\u00e4ftsberichte 2020 - 2024 &nbsp; Gesch\u00e4ftsbericht 2024 PDF &nbsp; Gesch\u00e4ftsbericht 2023 PDF &nbsp; Gesch\u00e4ftsbericht 2022 PDF &nbsp; Gesch\u00e4ftsbericht 2021 PDF &nbsp; Gesch\u00e4ftsbericht 2020 PDF &nbsp; [...]","protected":false},"author":1,"featured_media":0,"parent":0,"menu_order":0,"comment_status":"closed","ping_status":"closed","template":"","meta":{"inline_featured_image":false,"footnotes":""},"class_list":["post-47","page","type-page","status-publish","hentry"],"yoast_head":"<!-- This site is optimized with the Yoast SEO plugin v27.3 - https:\/\/yoast.com\/product\/yoast-seo-wordpress\/ -->\n<title>Aktuelles - Wohnbaugenossenschaft Hemetli Herisau<\/title>\n<meta name=\"robots\" content=\"index, follow, max-snippet:-1, max-image-preview:large, max-video-preview:-1\" \/>\n<link rel=\"canonical\" href=\"https:\/\/www.hemetli-herisau.ch\/de\/aktuelles\/\" \/>\n<meta property=\"og:locale\" content=\"de_DE\" \/>\n<meta property=\"og:type\" content=\"article\" \/>\n<meta property=\"og:title\" content=\"Aktuelles - Wohnbaugenossenschaft Hemetli Herisau\" \/>\n<meta property=\"og:url\" content=\"https:\/\/www.hemetli-herisau.ch\/de\/aktuelles\/\" \/>\n<meta property=\"og:site_name\" content=\"Wohnbaugenossenschaft Hemetli Herisau\" \/>\n<meta property=\"article:modified_time\" content=\"2025-08-04T08:07:36+00:00\" \/>\n<meta name=\"twitter:card\" content=\"summary_large_image\" \/>\n<meta name=\"twitter:label1\" content=\"Gesch\u00e4tzte Lesezeit\" \/>\n\t<meta name=\"twitter:data1\" content=\"1\u00a0Minute\" \/>\n<script type=\"application\/ld+json\" class=\"yoast-schema-graph\">{\"@context\":\"https:\\\/\\\/schema.org\",\"@graph\":[{\"@type\":\"WebPage\",\"@id\":\"https:\\\/\\\/www.hemetli-herisau.ch\\\/aktuelles\\\/\",\"url\":\"https:\\\/\\\/www.hemetli-herisau.ch\\\/aktuelles\\\/\",\"name\":\"Aktuelles - Wohnbaugenossenschaft Hemetli Herisau\",\"isPartOf\":{\"@id\":\"https:\\\/\\\/www.hemetli-herisau.ch\\\/de\\\/#website\"},\"datePublished\":\"2020-04-21T09:09:13+00:00\",\"dateModified\":\"2025-08-04T08:07:36+00:00\",\"breadcrumb\":{\"@id\":\"https:\\\/\\\/www.hemetli-herisau.ch\\\/aktuelles\\\/#breadcrumb\"},\"inLanguage\":\"de\",\"potentialAction\":[{\"@type\":\"ReadAction\",\"target\":[\"https:\\\/\\\/www.hemetli-herisau.ch\\\/aktuelles\\\/\"]}]},{\"@type\":\"BreadcrumbList\",\"@id\":\"https:\\\/\\\/www.hemetli-herisau.ch\\\/aktuelles\\\/#breadcrumb\",\"itemListElement\":[{\"@type\":\"ListItem\",\"position\":1,\"name\":\"Startseite\",\"item\":\"https:\\\/\\\/www.hemetli-herisau.ch\\\/\"},{\"@type\":\"ListItem\",\"position\":2,\"name\":\"Aktuelles\"}]},{\"@type\":\"WebSite\",\"@id\":\"https:\\\/\\\/www.hemetli-herisau.ch\\\/de\\\/#website\",\"url\":\"https:\\\/\\\/www.hemetli-herisau.ch\\\/de\\\/\",\"name\":\"Wohnbaugenossenschaft Hemetli Herisau\",\"description\":\"\",\"potentialAction\":[{\"@type\":\"SearchAction\",\"target\":{\"@type\":\"EntryPoint\",\"urlTemplate\":\"https:\\\/\\\/www.hemetli-herisau.ch\\\/de\\\/?s={search_term_string}\"},\"query-input\":{\"@type\":\"PropertyValueSpecification\",\"valueRequired\":true,\"valueName\":\"search_term_string\"}}],\"inLanguage\":\"de\"}]}<\/script>\n<!-- \/ Yoast SEO plugin. -->","yoast_head_json":{"title":"Aktuelles - Wohnbaugenossenschaft Hemetli Herisau","robots":{"index":"index","follow":"follow","max-snippet":"max-snippet:-1","max-image-preview":"max-image-preview:large","max-video-preview":"max-video-preview:-1"},"canonical":"https:\/\/www.hemetli-herisau.ch\/de\/aktuelles\/","og_locale":"de_DE","og_type":"article","og_title":"Aktuelles - Wohnbaugenossenschaft Hemetli Herisau","og_url":"https:\/\/www.hemetli-herisau.ch\/de\/aktuelles\/","og_site_name":"Wohnbaugenossenschaft Hemetli Herisau","article_modified_time":"2025-08-04T08:07:36+00:00","twitter_card":"summary_large_image","twitter_misc":{"Gesch\u00e4tzte Lesezeit":"1\u00a0Minute"},"schema":{"@context":"https:\/\/schema.org","@graph":[{"@type":"WebPage","@id":"https:\/\/www.hemetli-herisau.ch\/aktuelles\/","url":"https:\/\/www.hemetli-herisau.ch\/aktuelles\/","name":"Aktuelles - Wohnbaugenossenschaft Hemetli Herisau","isPartOf":{"@id":"https:\/\/www.hemetli-herisau.ch\/de\/#website"},"datePublished":"2020-04-21T09:09:13+00:00","dateModified":"2025-08-04T08:07:36+00:00","breadcrumb":{"@id":"https:\/\/www.hemetli-herisau.ch\/aktuelles\/#breadcrumb"},"inLanguage":"de","potentialAction":[{"@type":"ReadAction","target":["https:\/\/www.hemetli-herisau.ch\/aktuelles\/"]}]},{"@type":"BreadcrumbList","@id":"https:\/\/www.hemetli-herisau.ch\/aktuelles\/#breadcrumb","itemListElement":[{"@type":"ListItem","position":1,"name":"Startseite","item":"https:\/\/www.hemetli-herisau.ch\/"},{"@type":"ListItem","position":2,"name":"Aktuelles"}]},{"@type":"WebSite","@id":"https:\/\/www.hemetli-herisau.ch\/de\/#website","url":"https:\/\/www.hemetli-herisau.ch\/de\/","name":"Wohnbaugenossenschaft Hemetli Herisau","description":"","potentialAction":[{"@type":"SearchAction","target":{"@type":"EntryPoint","urlTemplate":"https:\/\/www.hemetli-herisau.ch\/de\/?s={search_term_string}"},"query-input":{"@type":"PropertyValueSpecification","valueRequired":true,"valueName":"search_term_string"}}],"inLanguage":"de"}]}},"_links":{"self":[{"href":"https:\/\/www.hemetli-herisau.ch\/de\/wp-json\/wp\/v2\/pages\/47","targetHints":{"allow":["GET"]}}],"collection":[{"href":"https:\/\/www.hemetli-herisau.ch\/de\/wp-json\/wp\/v2\/pages"}],"about":[{"href":"https:\/\/www.hemetli-herisau.ch\/de\/wp-json\/wp\/v2\/types\/page"}],"author":[{"embeddable":true,"href":"https:\/\/www.hemetli-herisau.ch\/de\/wp-json\/wp\/v2\/users\/1"}],"replies":[{"embeddable":true,"href":"https:\/\/www.hemetli-herisau.ch\/de\/wp-json\/wp\/v2\/comments?post=47"}],"version-history":[{"count":76,"href":"https:\/\/www.hemetli-herisau.ch\/de\/wp-json\/wp\/v2\/pages\/47\/revisions"}],"predecessor-version":[{"id":782,"href":"https:\/\/www.hemetli-herisau.ch\/de\/wp-json\/wp\/v2\/pages\/47\/revisions\/782"}],"wp:attachment":[{"href":"https:\/\/www.hemetli-herisau.ch\/de\/wp-json\/wp\/v2\/media?parent=47"}],"curies":[{"name":"wp","href":"https:\/\/api.w.org\/{rel}","templated":true}]}}